{"id":7,"date":"2025-04-28T12:52:02","date_gmt":"2025-04-28T12:52:02","guid":{"rendered":"https:\/\/doc2pdf.de\/?page_id=7"},"modified":"2025-04-28T16:57:17","modified_gmt":"2025-04-28T16:57:17","slug":"kim","status":"publish","type":"page","link":"https:\/\/doc2pdf.de\/","title":{"rendered":"Kim"},"content":{"rendered":"<p>[et_pb_section fb_built=&#8220;1&#8243; _builder_version=&#8220;4.27.4&#8243; _module_preset=&#8220;default&#8220; background_color=&#8220;#ffffff&#8220; custom_padding=&#8220;2rem||0px||false|false&#8220; global_colors_info=&#8220;{}&#8220;][et_pb_row _builder_version=&#8220;4.27.4&#8243; _module_preset=&#8220;default&#8220; max_width=&#8220;900px&#8220; custom_margin=&#8220;||2rem||false|false&#8220; global_colors_info=&#8220;{}&#8220;][et_pb_column type=&#8220;4_4&#8243; _builder_version=&#8220;4.27.4&#8243; _module_preset=&#8220;default&#8220; global_colors_info=&#8220;{}&#8220;][et_pb_text _builder_version=&#8220;4.27.4&#8243; _module_preset=&#8220;default&#8220; header_2_text_color=&#8220;#004080&#8243; global_colors_info=&#8220;{}&#8220;]<\/p>\n<h2>Willkommen<\/h2>\n<p>Kim ist eine Projektl\u00f6sung f\u00fcr Unternehmen, die Wert auf Datensicherheit und effiziente Automatisierung legen. Statt auf externe Cloud-Dienste zu setzen, betreiben Sie Ihre KI direkt auf einem Mac Mini oder Mac Studio in Ihrem eigenen Netzwerk. Ihre Daten bleiben jederzeit unter Ihrer Kontrolle.<\/p>\n<p><strong>Hinweis:<\/strong> Diese Seite stellt ein Projekt vor. Es wird keine fertige Software verkauft. Angeboten wird die Dienstleistung der Unterst\u00fctzung bei der lokalen Implementierung.<\/p>\n<p>[\/et_pb_text][\/et_pb_column][\/et_pb_row][\/et_pb_section][et_pb_section fb_built=&#8220;1&#8243; _builder_version=&#8220;4.27.4&#8243; _module_preset=&#8220;default&#8220; background_color=&#8220;#ffffff&#8220; custom_padding=&#8220;0px||0px||true|false&#8220; global_colors_info=&#8220;{}&#8220;][et_pb_row column_structure=&#8220;3_5,2_5&#8243; _builder_version=&#8220;4.27.4&#8243; _module_preset=&#8220;default&#8220; max_width=&#8220;900px&#8220; custom_margin=&#8220;||2rem||false|false&#8220; global_colors_info=&#8220;{}&#8220;][et_pb_column type=&#8220;3_5&#8243; _builder_version=&#8220;4.27.4&#8243; _module_preset=&#8220;default&#8220; global_colors_info=&#8220;{}&#8220;][et_pb_text _builder_version=&#8220;4.27.4&#8243; _module_preset=&#8220;default&#8220; header_2_text_color=&#8220;#004080&#8243; global_colors_info=&#8220;{}&#8220;]<\/p>\n<h2>Was Kim kann<\/h2>\n<ul>\n<li><strong>Dokumentenkontrolle:<\/strong> Rechtschreibung, Grammatik und Stil pr\u00fcfen, Verbesserungsvorschl\u00e4ge, mehrere Sprachen, Ausgabe als DOCX\/PDF<\/li>\n<li><strong>Dokumentenvergleich:<\/strong> Unterschiede hervorheben, Zusammenfassung, mehrere Sprachen, Ausgabe als PDF\/Text<\/li>\n<li><strong>Dokumentenzusammenfassung:<\/strong> Einzelne oder mehrere Dokumente zusammenfassen, mehrere Formate, mehrsprachig<\/li>\n<li><strong>PDF-Konvertierung:<\/strong> Dokumente konvertieren, kombinieren, Wasserzeichen hinzuf\u00fcgen<\/li>\n<li><strong>Websuche (optional):<\/strong> Recherche mit Berichterstellung und Quellenangaben<\/li>\n<li><strong>Artikelerstellung:<\/strong> Fundierte Artikel zu Wunschthemen, Recherche basiert<\/li>\n<\/ul>\n<p>[\/et_pb_text][\/et_pb_column][et_pb_column type=&#8220;2_5&#8243; _builder_version=&#8220;4.27.4&#8243; _module_preset=&#8220;default&#8220; global_colors_info=&#8220;{}&#8220;][et_pb_image src=&#8220;https:\/\/doc2pdf.de\/wp-content\/uploads\/2025\/04\/Screenshot-2025-04-28-at-15.35.45.png&#8220; alt=&#8220;Kim &#8211; der lokale KI Assistent&#8220; title_text=&#8220;Meet Kim &#8211; Your Secure, Local, Virtual Assistant&#8220; _builder_version=&#8220;4.27.4&#8243; _module_preset=&#8220;default&#8220; global_colors_info=&#8220;{}&#8220;][\/et_pb_image][\/et_pb_column][\/et_pb_row][\/et_pb_section][et_pb_section fb_built=&#8220;1&#8243; _builder_version=&#8220;4.27.4&#8243; _module_preset=&#8220;default&#8220; background_color=&#8220;#ffffff&#8220; custom_padding=&#8220;0px||0px||true|false&#8220; global_colors_info=&#8220;{}&#8220;][et_pb_row _builder_version=&#8220;4.27.4&#8243; _module_preset=&#8220;default&#8220; max_width=&#8220;900px&#8220; custom_margin=&#8220;||2rem||false|false&#8220; global_colors_info=&#8220;{}&#8220;][et_pb_column type=&#8220;4_4&#8243; _builder_version=&#8220;4.27.4&#8243; _module_preset=&#8220;default&#8220; global_colors_info=&#8220;{}&#8220;][et_pb_text _builder_version=&#8220;4.27.4&#8243; _module_preset=&#8220;default&#8220; header_2_text_color=&#8220;#004080&#8243; global_colors_info=&#8220;{}&#8220;]<\/p>\n<h2>Empfohlene Hardware<\/h2>\n<p>Apple Mac Mini oder Apple Mac Studio bieten durch ihre moderne Systemarchitektur eine optimale Plattform f\u00fcr lokale KI-Anwendungen: hohe Rechenleistung, geringe Energieaufnahme, kompakte Bauweise und maximale Datensicherheit.<\/p>\n<p>[\/et_pb_text][\/et_pb_column][\/et_pb_row][\/et_pb_section][et_pb_section fb_built=&#8220;1&#8243; _builder_version=&#8220;4.27.4&#8243; _module_preset=&#8220;default&#8220; background_color=&#8220;#ffffff&#8220; custom_padding=&#8220;0px||0px||true|false&#8220; global_colors_info=&#8220;{}&#8220;][et_pb_row column_structure=&#8220;2_3,1_3&#8243; _builder_version=&#8220;4.27.4&#8243; _module_preset=&#8220;default&#8220; max_width=&#8220;900px&#8220; custom_margin=&#8220;||2rem||false|false&#8220; global_colors_info=&#8220;{}&#8220;][et_pb_column type=&#8220;2_3&#8243; _builder_version=&#8220;4.27.4&#8243; _module_preset=&#8220;default&#8220; global_colors_info=&#8220;{}&#8220;][et_pb_text _builder_version=&#8220;4.27.4&#8243; _module_preset=&#8220;default&#8220; header_2_text_color=&#8220;#004080&#8243; hover_enabled=&#8220;0&#8243; global_colors_info=&#8220;{}&#8220; sticky_enabled=&#8220;0&#8243;]<\/p>\n<h2>So funktioniert Kim<\/h2>\n<p>Senden Sie eine E-Mail an Ihr lokales Kim-System mit Ihrer Anfrage in der Betreffzeile. Beispiele:<\/p>\n<ul>\n<li>&#8222;Pr\u00fcfe diesen Text auf Fehler und verbessere ihn&#8220;<\/li>\n<li>&#8222;Vergleiche diese beiden Dokumente und fasse die Unterschiede zusammen&#8220;<\/li>\n<li>&#8222;Fasse dieses Dokument auf Englisch zusammen&#8220;<\/li>\n<li>&#8222;Konvertiere diese Dateien in eine PDF mit Wasserzeichen &#8218;VERTRAULICH'&#8220;<\/li>\n<li>&#8222;Suche Informationen \u00fcber erneuerbare Energien&#8220;<\/li>\n<li>&#8222;Schreibe einen Artikel \u00fcber k\u00fcnstliche Intelligenz&#8220;<\/li>\n<\/ul>\n<p>[\/et_pb_text][\/et_pb_column][et_pb_column type=&#8220;1_3&#8243; _builder_version=&#8220;4.27.4&#8243; _module_preset=&#8220;default&#8220; global_colors_info=&#8220;{}&#8220;][et_pb_image src=&#8220;https:\/\/doc2pdf.de\/wp-content\/uploads\/2025\/04\/20250401_2020_Cloud-vs.-Local-Security_simple_compose_01jqs9b9ebfzzbyrjt9gmajt97.png&#8220; title_text=&#8220;20250401_2020_Cloud vs. Local Security_simple_compose_01jqs9b9ebfzzbyrjt9gmajt97&#8243; _builder_version=&#8220;4.27.4&#8243; _module_preset=&#8220;default&#8220; global_colors_info=&#8220;{}&#8220;][\/et_pb_image][\/et_pb_column][\/et_pb_row][\/et_pb_section][et_pb_section fb_built=&#8220;1&#8243; _builder_version=&#8220;4.27.4&#8243; _module_preset=&#8220;default&#8220; background_color=&#8220;#ffffff&#8220; custom_padding=&#8220;0px||0px||true|false&#8220; global_colors_info=&#8220;{}&#8220;][et_pb_row _builder_version=&#8220;4.27.4&#8243; _module_preset=&#8220;default&#8220; max_width=&#8220;900px&#8220; custom_margin=&#8220;||2rem||false|false&#8220; global_colors_info=&#8220;{}&#8220;][et_pb_column type=&#8220;4_4&#8243; _builder_version=&#8220;4.27.4&#8243; _module_preset=&#8220;default&#8220; global_colors_info=&#8220;{}&#8220;][et_pb_text _builder_version=&#8220;4.27.4&#8243; _module_preset=&#8220;default&#8220; header_2_text_color=&#8220;#004080&#8243; global_colors_info=&#8220;{}&#8220; hover_enabled=&#8220;0&#8243; sticky_enabled=&#8220;0&#8243;]<\/p>\n<h2>Architektur<\/h2>\n<p>Kim ist ein lokal betriebenes KI-System, das auf moderner Hardware effizient Dokumente verarbeitet. Es funktioniert auch ohne Internetverbindung. In diesem Fall steht jedoch die Deep Search Funktion (z.B. Websuche) nicht zur Verf\u00fcgung. Bei aktiviertem Internetzugang kann der Zugriff auf externe Inhalte gefiltert und kontrolliert werden.<\/p>\n<p>Besonderheit: Kim kann vollst\u00e4ndig offline betrieben werden. Ohne Internet entf\u00e4llt die Websuche (Deep Search). Bei bestehender Internetverbindung erfolgt der Zugriff auf externe Inhalte stets gefiltert und kontrolliert.[\/et_pb_text][et_pb_image src=&#8220;https:\/\/doc2pdf.de\/wp-content\/uploads\/2025\/04\/kim.png&#8220; alt=&#8220;Kim Architektur&#8220; title_text=&#8220;Kim Architektur&#8220; _builder_version=&#8220;4.27.4&#8243; _module_preset=&#8220;default&#8220; global_colors_info=&#8220;{}&#8220;][\/et_pb_image][\/et_pb_column][\/et_pb_row][\/et_pb_section][et_pb_section fb_built=&#8220;1&#8243; _builder_version=&#8220;4.27.4&#8243; _module_preset=&#8220;default&#8220; background_color=&#8220;#ffffff&#8220; custom_padding=&#8220;0px||0px||true|false&#8220; global_colors_info=&#8220;{}&#8220;][et_pb_row _builder_version=&#8220;4.27.4&#8243; _module_preset=&#8220;default&#8220; max_width=&#8220;900px&#8220; custom_margin=&#8220;||2rem||false|false&#8220; global_colors_info=&#8220;{}&#8220;][et_pb_column type=&#8220;4_4&#8243; _builder_version=&#8220;4.27.4&#8243; _module_preset=&#8220;default&#8220; global_colors_info=&#8220;{}&#8220;][et_pb_text _builder_version=&#8220;4.27.4&#8243; _module_preset=&#8220;default&#8220; header_2_text_color=&#8220;#004080&#8243; global_colors_info=&#8220;{}&#8220;]<\/p>\n<h2>Unterst\u00fctzung und Kontakt<\/h2>\n<p>Claus Siebeneicher und die SMART De eG begleiten Sie bei der Konzeption, Umsetzung und Anpassung Ihrer lokalen KI-L\u00f6sung.<\/p>\n<p>Kontaktieren Sie uns unter: <strong><a href=\"mailto:it-frag-c7@doc2pdf.de\">it-frag-c7@doc2pdf.de<\/a><\/strong><\/p>\n<p>[\/et_pb_text][et_pb_button button_url=&#8220;mailto:it-frag-c7@doc2pdf.de&#8220; button_text=&#8220;Kontakt aufnehmen&#8220; _builder_version=&#8220;4.27.4&#8243; _module_preset=&#8220;default&#8220; custom_button=&#8220;on&#8220; button_text_color=&#8220;#ffffff&#8220; button_bg_color=&#8220;#004080&#8243; button_border_width=&#8220;0px&#8220; button_border_radius=&#8220;5px&#8220; button_use_icon=&#8220;off&#8220; custom_margin=&#8220;1rem||||false|false&#8220; custom_padding=&#8220;0.75rem|1.5rem|0.75rem|1.5rem|true|true&#8220; global_colors_info=&#8220;{}&#8220;][\/et_pb_button][\/et_pb_column][\/et_pb_row][\/et_pb_section][et_pb_section fb_built=&#8220;1&#8243; _builder_version=&#8220;4.27.4&#8243; _module_preset=&#8220;default&#8220; background_color=&#8220;#ffffff&#8220; custom_padding=&#8220;0px||2rem||false|false&#8220; global_colors_info=&#8220;{}&#8220;][et_pb_row _builder_version=&#8220;4.27.4&#8243; _module_preset=&#8220;default&#8220; max_width=&#8220;900px&#8220; global_colors_info=&#8220;{}&#8220;][et_pb_column type=&#8220;4_4&#8243; _builder_version=&#8220;4.27.4&#8243; _module_preset=&#8220;default&#8220; global_colors_info=&#8220;{}&#8220;][et_pb_text _builder_version=&#8220;4.27.4&#8243; _module_preset=&#8220;default&#8220; header_2_text_color=&#8220;#004080&#8243; global_colors_info=&#8220;{}&#8220;]<\/p>\n<h2>Rechtlicher Hinweis<\/h2>\n<p>Diese Website (doc2pdf.de) ist eine Projektseite. Alle erforderlichen rechtlichen Angaben finden Sie auf unserer Hauptseite: <a href=\"https:\/\/c-7.de\" target=\"_blank\">C-7.de<\/a>.<\/p>\n<p>[\/et_pb_text][\/et_pb_column][\/et_pb_row][\/et_pb_section][et_pb_section fb_built=&#8220;1&#8243; _builder_version=&#8220;4.27.4&#8243; _module_preset=&#8220;default&#8220; background_color=&#8220;#004080&#8243; custom_padding=&#8220;1rem||1rem||false|false&#8220; global_colors_info=&#8220;{}&#8220;][et_pb_row _builder_version=&#8220;4.27.4&#8243; _module_preset=&#8220;default&#8220; global_colors_info=&#8220;{}&#8220;][et_pb_column type=&#8220;4_4&#8243; _builder_version=&#8220;4.27.4&#8243; _module_preset=&#8220;default&#8220; global_colors_info=&#8220;{}&#8220;][et_pb_text _builder_version=&#8220;4.27.4&#8243; _module_preset=&#8220;default&#8220; text_text_color=&#8220;#ffffff&#8220; text_orientation=&#8220;center&#8220; global_colors_info=&#8220;{}&#8220;]<\/p>\n<p style=\"text-align: center;\">&copy; 2025 Claus Siebeneicher &#038; SMART De eG \u2013 doc2pdf.de<\/p>\n<p>[\/et_pb_text][\/et_pb_column][\/et_pb_row][\/et_pb_section]<\/p>\n","protected":false},"excerpt":{"rendered":"<p>Willkommen Kim ist eine Projektl\u00f6sung f\u00fcr Unternehmen, die Wert auf Datensicherheit und effiziente Automatisierung legen. Statt auf externe Cloud-Dienste zu setzen, betreiben Sie Ihre KI direkt auf einem Mac Mini oder Mac Studio in Ihrem eigenen Netzwerk. Ihre Daten bleiben jederzeit unter Ihrer Kontrolle. Hinweis: Diese Seite stellt ein Projekt vor. Es wird keine fertige [&hellip;]<\/p>\n","protected":false},"author":1,"featured_media":0,"parent":0,"menu_order":0,"comment_status":"closed","ping_status":"closed","template":"","meta":{"_et_pb_use_builder":"on","_et_pb_old_content":"","_et_gb_content_width":"","footnotes":""},"class_list":["post-7","page","type-page","status-publish","hentry"],"yoast_head":"<!-- This site is optimized with the Yoast SEO plugin v25.1 - https:\/\/yoast.com\/wordpress\/plugins\/seo\/ -->\n<title>Kim - Willkommen bei doc2pdf.de \u2013 Ihr Partner f\u00fcr lokale KI-Dokumentenassistenz<\/title>\n<meta name=\"description\" content=\"doc2pdf.de bietet Unternehmen Unterst\u00fctzung bei der Implementierung lokaler KI-L\u00f6sungen zur Dokumentenverarbeitung. Sicher, effizient und unabh\u00e4ngig von Cloud-Diensten. Ihre Daten bleiben gesch\u00fctzt.\" \/>\n<meta name=\"robots\" content=\"index, follow, max-snippet:-1, max-image-preview:large, max-video-preview:-1\" \/>\n<link rel=\"canonical\" href=\"https:\/\/doc2pdf.de\/\" \/>\n<meta property=\"og:locale\" content=\"de_DE\" \/>\n<meta property=\"og:type\" content=\"article\" \/>\n<meta property=\"og:title\" content=\"Kim - Willkommen bei doc2pdf.de \u2013 Ihr Partner f\u00fcr lokale KI-Dokumentenassistenz\" \/>\n<meta property=\"og:description\" content=\"doc2pdf.de bietet Unternehmen Unterst\u00fctzung bei der Implementierung lokaler KI-L\u00f6sungen zur Dokumentenverarbeitung. Sicher, effizient und unabh\u00e4ngig von Cloud-Diensten. Ihre Daten bleiben gesch\u00fctzt.\" \/>\n<meta property=\"og:url\" content=\"https:\/\/doc2pdf.de\/\" \/>\n<meta property=\"og:site_name\" content=\"Willkommen bei doc2pdf.de \u2013 Ihr Partner f\u00fcr lokale KI-Dokumentenassistenz\" \/>\n<meta property=\"article:modified_time\" content=\"2025-04-28T16:57:17+00:00\" \/>\n<meta name=\"twitter:card\" content=\"summary_large_image\" \/>\n<meta name=\"twitter:label1\" content=\"Gesch\u00e4tzte Lesezeit\" \/>\n\t<meta name=\"twitter:data1\" content=\"2\u00a0Minuten\" \/>\n<script type=\"application\/ld+json\" class=\"yoast-schema-graph\">{\"@context\":\"https:\/\/schema.org\",\"@graph\":[{\"@type\":\"WebPage\",\"@id\":\"https:\/\/doc2pdf.de\/\",\"url\":\"https:\/\/doc2pdf.de\/\",\"name\":\"Kim - Willkommen bei doc2pdf.de \u2013 Ihr Partner f\u00fcr lokale KI-Dokumentenassistenz\",\"isPartOf\":{\"@id\":\"https:\/\/doc2pdf.de\/#website\"},\"datePublished\":\"2025-04-28T12:52:02+00:00\",\"dateModified\":\"2025-04-28T16:57:17+00:00\",\"description\":\"doc2pdf.de bietet Unternehmen Unterst\u00fctzung bei der Implementierung lokaler KI-L\u00f6sungen zur Dokumentenverarbeitung. Sicher, effizient und unabh\u00e4ngig von Cloud-Diensten. Ihre Daten bleiben gesch\u00fctzt.\",\"breadcrumb\":{\"@id\":\"https:\/\/doc2pdf.de\/#breadcrumb\"},\"inLanguage\":\"de\",\"potentialAction\":[{\"@type\":\"ReadAction\",\"target\":[\"https:\/\/doc2pdf.de\/\"]}]},{\"@type\":\"BreadcrumbList\",\"@id\":\"https:\/\/doc2pdf.de\/#breadcrumb\",\"itemListElement\":[{\"@type\":\"ListItem\",\"position\":1,\"name\":\"Startseite\",\"item\":\"https:\/\/doc2pdf.de\/\"},{\"@type\":\"ListItem\",\"position\":2,\"name\":\"Kim\"}]},{\"@type\":\"WebSite\",\"@id\":\"https:\/\/doc2pdf.de\/#website\",\"url\":\"https:\/\/doc2pdf.de\/\",\"name\":\"Willkommen bei doc2pdf.de \u2013 Ihr Partner f\u00fcr lokale KI-Dokumentenassistenz\",\"description\":\"\",\"potentialAction\":[{\"@type\":\"SearchAction\",\"target\":{\"@type\":\"EntryPoint\",\"urlTemplate\":\"https:\/\/doc2pdf.de\/?s={search_term_string}\"},\"query-input\":{\"@type\":\"PropertyValueSpecification\",\"valueRequired\":true,\"valueName\":\"search_term_string\"}}],\"inLanguage\":\"de\"},{\"@type\":\"Person\",\"@id\":\"https:\/\/doc2pdf.de\/#\/schema\/person\/a2aa6ded4f87c90ce2b8ca4cf96a2baa\",\"name\":\"admin\",\"image\":{\"@type\":\"ImageObject\",\"inLanguage\":\"de\",\"@id\":\"https:\/\/doc2pdf.de\/#\/schema\/person\/image\/\",\"url\":\"https:\/\/secure.gravatar.com\/avatar\/11764e4afddf2d049beec252752d420cddae9b5e740d2d6fb757c90b237110e9?s=96&d=mm&r=g\",\"contentUrl\":\"https:\/\/secure.gravatar.com\/avatar\/11764e4afddf2d049beec252752d420cddae9b5e740d2d6fb757c90b237110e9?s=96&d=mm&r=g\",\"caption\":\"admin\"},\"sameAs\":[\"https:\/\/doc2pdf.de\"],\"url\":\"https:\/\/doc2pdf.de\/?author=1\"}]}<\/script>\n<!-- \/ Yoast SEO plugin. -->","yoast_head_json":{"title":"Kim - Willkommen bei doc2pdf.de \u2013 Ihr Partner f\u00fcr lokale KI-Dokumentenassistenz","description":"doc2pdf.de bietet Unternehmen Unterst\u00fctzung bei der Implementierung lokaler KI-L\u00f6sungen zur Dokumentenverarbeitung. Sicher, effizient und unabh\u00e4ngig von Cloud-Diensten. Ihre Daten bleiben gesch\u00fctzt.","robots":{"index":"index","follow":"follow","max-snippet":"max-snippet:-1","max-image-preview":"max-image-preview:large","max-video-preview":"max-video-preview:-1"},"canonical":"https:\/\/doc2pdf.de\/","og_locale":"de_DE","og_type":"article","og_title":"Kim - Willkommen bei doc2pdf.de \u2013 Ihr Partner f\u00fcr lokale KI-Dokumentenassistenz","og_description":"doc2pdf.de bietet Unternehmen Unterst\u00fctzung bei der Implementierung lokaler KI-L\u00f6sungen zur Dokumentenverarbeitung. Sicher, effizient und unabh\u00e4ngig von Cloud-Diensten. Ihre Daten bleiben gesch\u00fctzt.","og_url":"https:\/\/doc2pdf.de\/","og_site_name":"Willkommen bei doc2pdf.de \u2013 Ihr Partner f\u00fcr lokale KI-Dokumentenassistenz","article_modified_time":"2025-04-28T16:57:17+00:00","twitter_card":"summary_large_image","twitter_misc":{"Gesch\u00e4tzte Lesezeit":"2\u00a0Minuten"},"schema":{"@context":"https:\/\/schema.org","@graph":[{"@type":"WebPage","@id":"https:\/\/doc2pdf.de\/","url":"https:\/\/doc2pdf.de\/","name":"Kim - Willkommen bei doc2pdf.de \u2013 Ihr Partner f\u00fcr lokale KI-Dokumentenassistenz","isPartOf":{"@id":"https:\/\/doc2pdf.de\/#website"},"datePublished":"2025-04-28T12:52:02+00:00","dateModified":"2025-04-28T16:57:17+00:00","description":"doc2pdf.de bietet Unternehmen Unterst\u00fctzung bei der Implementierung lokaler KI-L\u00f6sungen zur Dokumentenverarbeitung. Sicher, effizient und unabh\u00e4ngig von Cloud-Diensten. Ihre Daten bleiben gesch\u00fctzt.","breadcrumb":{"@id":"https:\/\/doc2pdf.de\/#breadcrumb"},"inLanguage":"de","potentialAction":[{"@type":"ReadAction","target":["https:\/\/doc2pdf.de\/"]}]},{"@type":"BreadcrumbList","@id":"https:\/\/doc2pdf.de\/#breadcrumb","itemListElement":[{"@type":"ListItem","position":1,"name":"Startseite","item":"https:\/\/doc2pdf.de\/"},{"@type":"ListItem","position":2,"name":"Kim"}]},{"@type":"WebSite","@id":"https:\/\/doc2pdf.de\/#website","url":"https:\/\/doc2pdf.de\/","name":"Willkommen bei doc2pdf.de \u2013 Ihr Partner f\u00fcr lokale KI-Dokumentenassistenz","description":"","potentialAction":[{"@type":"SearchAction","target":{"@type":"EntryPoint","urlTemplate":"https:\/\/doc2pdf.de\/?s={search_term_string}"},"query-input":{"@type":"PropertyValueSpecification","valueRequired":true,"valueName":"search_term_string"}}],"inLanguage":"de"},{"@type":"Person","@id":"https:\/\/doc2pdf.de\/#\/schema\/person\/a2aa6ded4f87c90ce2b8ca4cf96a2baa","name":"admin","image":{"@type":"ImageObject","inLanguage":"de","@id":"https:\/\/doc2pdf.de\/#\/schema\/person\/image\/","url":"https:\/\/secure.gravatar.com\/avatar\/11764e4afddf2d049beec252752d420cddae9b5e740d2d6fb757c90b237110e9?s=96&d=mm&r=g","contentUrl":"https:\/\/secure.gravatar.com\/avatar\/11764e4afddf2d049beec252752d420cddae9b5e740d2d6fb757c90b237110e9?s=96&d=mm&r=g","caption":"admin"},"sameAs":["https:\/\/doc2pdf.de"],"url":"https:\/\/doc2pdf.de\/?author=1"}]}},"_links":{"self":[{"href":"https:\/\/doc2pdf.de\/index.php?rest_route=\/wp\/v2\/pages\/7","targetHints":{"allow":["GET"]}}],"collection":[{"href":"https:\/\/doc2pdf.de\/index.php?rest_route=\/wp\/v2\/pages"}],"about":[{"href":"https:\/\/doc2pdf.de\/index.php?rest_route=\/wp\/v2\/types\/page"}],"author":[{"embeddable":true,"href":"https:\/\/doc2pdf.de\/index.php?rest_route=\/wp\/v2\/users\/1"}],"replies":[{"embeddable":true,"href":"https:\/\/doc2pdf.de\/index.php?rest_route=%2Fwp%2Fv2%2Fcomments&post=7"}],"version-history":[{"count":14,"href":"https:\/\/doc2pdf.de\/index.php?rest_route=\/wp\/v2\/pages\/7\/revisions"}],"predecessor-version":[{"id":71,"href":"https:\/\/doc2pdf.de\/index.php?rest_route=\/wp\/v2\/pages\/7\/revisions\/71"}],"wp:attachment":[{"href":"https:\/\/doc2pdf.de\/index.php?rest_route=%2Fwp%2Fv2%2Fmedia&parent=7"}],"curies":[{"name":"wp","href":"https:\/\/api.w.org\/{rel}","templated":true}]}}